{"id":5199,"date":"2020-04-24T22:47:38","date_gmt":"2020-04-24T22:47:38","guid":{"rendered":"https:\/\/coderz.cz\/contact\/"},"modified":"2021-05-25T22:58:55","modified_gmt":"2021-05-25T22:58:55","slug":"kontakt","status":"publish","type":"page","link":"https:\/\/coderz.cz\/cs\/kontakt\/","title":{"rendered":"Kontakt"},"content":{"rendered":"\t\t<div data-elementor-type=\"wp-page\" data-elementor-id=\"5199\" class=\"elementor elementor-5199 elementor-1993\">\n\t\t\t\t\t\t\t\t\t<div class=\"wavo-column-gap-default elementor-section elementor-top-section elementor-element elementor-element-2f7eba12 elementor-section-stretched elementor-section-full_width elementor-section-height-default elementor-section-height-default\" data-id=\"2f7eba12\" data-element_type=\"section\" data-settings=\"{&quot;stretch_section&quot;:&quot;section-stretched&quot;,&quot;background_background&quot;:&quot;classic&quot;}\">\n\t\t\t\t\t\t<div class=\"elementor-container elementor-column-gap-default\">\n\t\t\t\t\t<div class=\"elementor-column elementor-col-100 elementor-top-column elementor-element elementor-element-59e66f8d\" data-id=\"59e66f8d\" data-element_type=\"column\">\n\t\t\t<div class=\"elementor-widget-wrap elementor-element-populated\">\n\t\t\t\t\t\t\t\t<div class=\"wavo-column-gap-default elementor-section elementor-inner-section elementor-element elementor-element-1b29de1f elementor-section-boxed elementor-section-height-default elementor-section-height-default\" data-id=\"1b29de1f\" data-element_type=\"section\">\n\t\t\t\t\t\t<div class=\"elementor-container elementor-column-gap-default\">\n\t\t\t\t\t<div class=\"elementor-column elementor-col-50 elementor-inner-column elementor-element elementor-element-7361bdb5\" data-id=\"7361bdb5\" data-element_type=\"column\">\n\t\t\t<div class=\"elementor-widget-wrap elementor-element-populated\">\n\t\t\t\t\t\t\t\t<div data-split-settings=\"{&quot;type&quot;:&quot;chars&quot;,&quot;animation&quot;:&quot;fadeIn2&quot;}\" class=\"elementor-element elementor-element-2f189b11 wavo-stroke wavo-has-stroke-yes wavo-has-stroke-type stroke-type-part wavo-headig-split heading-has-split-yes wavo-transform transform-type-translate elementor-widget elementor-widget-heading\" data-id=\"2f189b11\" data-element_type=\"widget\" data-widget_type=\"heading.default\">\n\t\t\t\t<div class=\"elementor-widget-container\">\n\t\t\t<h4 class=\"elementor-heading-title elementor-size-default\">Chcete pracovat <b> spole\u010dn\u011b <\/b> nebo mluvit o <b> n\u00e1padu? <\/b>  Poj\u010fme na to. <\/h4>\t\t<\/div>\n\t\t\t\t<\/div>\n\t\t\t\t\t<\/div>\n\t\t<\/div>\n\t\t\t\t<div class=\"elementor-column elementor-col-50 elementor-inner-column elementor-element elementor-element-1ec1ce21\" data-id=\"1ec1ce21\" data-element_type=\"column\">\n\t\t\t<div class=\"elementor-widget-wrap\">\n\t\t\t\t\t\t\t\t\t<\/div>\n\t\t<\/div>\n\t\t\t\t\t\t\t<\/div>\n\t\t<\/div>\n\t\t\t\t<div class=\"wavo-column-gap-default elementor-section elementor-inner-section elementor-element elementor-element-1864dad0 elementor-section-boxed elementor-section-height-default elementor-section-height-default\" data-id=\"1864dad0\" data-element_type=\"section\">\n\t\t\t\t\t\t<div class=\"elementor-container elementor-column-gap-default\">\n\t\t\t\t\t<div class=\"elementor-column elementor-col-100 elementor-inner-column elementor-element elementor-element-7c8d760a\" data-id=\"7c8d760a\" data-element_type=\"column\">\n\t\t\t<div class=\"elementor-widget-wrap elementor-element-populated\">\n\t\t\t\t\t\t\t\t<div class=\"elementor-element elementor-element-67c127de wavo-stroke wavo-has-stroke-yes elementor-absolute wavo-transform transform-type-translate wavo-has-stroke-type stroke-type-full elementor-widget elementor-widget-heading\" data-id=\"67c127de\" data-element_type=\"widget\" data-settings=\"{&quot;_position&quot;:&quot;absolute&quot;}\" data-widget_type=\"heading.default\">\n\t\t\t\t<div class=\"elementor-widget-container\">\n\t\t\t<h2 class=\"elementor-heading-title elementor-size-default\">Kontaktujte n\u00e1s<\/h2>\t\t<\/div>\n\t\t\t\t<\/div>\n\t\t\t\t\t<\/div>\n\t\t<\/div>\n\t\t\t\t\t\t\t<\/div>\n\t\t<\/div>\n\t\t\t\t\t<\/div>\n\t\t<\/div>\n\t\t\t\t\t\t\t<\/div>\n\t\t<\/div>\n\t\t\t\t<div class=\"wavo-column-gap-no elementor-section elementor-top-section elementor-element elementor-element-9a75a51 nt-section section-padding elementor-section-content-top elementor-section-boxed elementor-section-height-default elementor-section-height-default\" data-id=\"9a75a51\" data-element_type=\"section\">\n\t\t\t\t\t\t<div class=\"elementor-container elementor-column-gap-no\">\n\t\t\t\t\t<div class=\"elementor-column elementor-col-50 elementor-top-column elementor-element elementor-element-a9e6d28\" data-id=\"a9e6d28\" data-element_type=\"column\">\n\t\t\t<div class=\"elementor-widget-wrap elementor-element-populated\">\n\t\t\t\t\t\t\t\t<div class=\"elementor-element elementor-element-7d939b5 elementor-widget elementor-widget-wavo-contact-form-7\" data-id=\"7d939b5\" data-element_type=\"widget\" data-widget_type=\"wavo-contact-form-7.default\">\n\t\t\t\t<div class=\"elementor-widget-container\">\n\t\t\t<div class=\"nt-cf7-form-wrapper form_7d939b5\">\n<div class=\"wpcf7 no-js\" id=\"wpcf7-f5271-o1\" lang=\"cs-CZ\" dir=\"ltr\">\n<div class=\"screen-reader-response\"><p role=\"status\" aria-live=\"polite\" aria-atomic=\"true\"><\/p> <ul><\/ul><\/div>\n<form action=\"\/cs\/wp-json\/wp\/v2\/pages\/5199#wpcf7-f5271-o1\" method=\"post\" class=\"wpcf7-form init\" aria-label=\"Contact form\" novalidate=\"novalidate\" data-status=\"init\">\n<div style=\"display: none;\">\n<input type=\"hidden\" name=\"_wpcf7\" value=\"5271\" \/>\n<input type=\"hidden\" name=\"_wpcf7_version\" value=\"5.8.6\" \/>\n<input type=\"hidden\" name=\"_wpcf7_locale\" value=\"cs_CZ\" \/>\n<input type=\"hidden\" name=\"_wpcf7_unit_tag\" value=\"wpcf7-f5271-o1\" \/>\n<input type=\"hidden\" name=\"_wpcf7_container_post\" value=\"0\" \/>\n<input type=\"hidden\" name=\"_wpcf7_posted_data_hash\" value=\"\" \/>\n<\/div>\n<div class=\"contact\">\n\t<div class=\"form\">\n\t\t<div class=\"controls\">\n\t\t\t<div class=\"form-group\">\n\t\t\t\t<p>[text* your-name placeholder \"Name\" akismet:author]\n\t\t\t\t<\/p>\n\t\t\t<\/div>\n\t\t\t<div class=\"form-group\">\n\t\t\t\t<p><span class=\"wpcf7-form-control-wrap\" data-name=\"your-subject\"><input size=\"40\" class=\"wpcf7-form-control wpcf7-text wpcf7-validates-as-required\" aria-required=\"true\" aria-invalid=\"false\" placeholder=\"Subject\" value=\"\" type=\"text\" name=\"your-subject\" \/><\/span>\n\t\t\t\t<\/p>\n\t\t\t<\/div>\n\t\t\t<div class=\"form-group\">\n\t\t\t\t<p><span class=\"wpcf7-form-control-wrap\" data-name=\"your-email\"><input size=\"40\" class=\"wpcf7-form-control wpcf7-email wpcf7-validates-as-required wpcf7-text wpcf7-validates-as-email\" aria-required=\"true\" aria-invalid=\"false\" placeholder=\"Email\" value=\"\" type=\"email\" name=\"your-email\" \/><\/span>\n\t\t\t\t<\/p>\n\t\t\t<\/div>\n\t\t\t<div class=\"form-group\">\n\t\t\t\t<p><span class=\"wpcf7-form-control-wrap\" data-name=\"your-message\"><textarea cols=\"40\" rows=\"10\" class=\"wpcf7-form-control wpcf7-textarea wpcf7-validates-as-required\" aria-required=\"true\" aria-invalid=\"false\" placeholder=\"Message\" name=\"your-message\"><\/textarea><\/span>\n\t\t\t\t<\/p>\n\t\t\t<\/div>\n\t\t\t<p><button type=\"submit\" class=\"btn-curve btn-blc wpcf7-submit\"><span>Send Message<\/span><\/button>\n\t\t\t<\/p>\n\t\t<\/div>\n\t<\/div>\n<\/div><p style=\"display: none !important;\"><label>&#916;<textarea name=\"_wpcf7_ak_hp_textarea\" cols=\"45\" rows=\"8\" maxlength=\"100\"><\/textarea><\/label><input type=\"hidden\" id=\"ak_js_1\" name=\"_wpcf7_ak_js\" value=\"65\"\/><script>document.getElementById( \"ak_js_1\" ).setAttribute( \"value\", ( new Date() ).getTime() );<\/script><\/p><div class=\"wpcf7-response-output\" aria-hidden=\"true\"><\/div>\n<\/form>\n<\/div>\n<\/div>\t\t<\/div>\n\t\t\t\t<\/div>\n\t\t\t\t\t<\/div>\n\t\t<\/div>\n\t\t\t\t<div class=\"elementor-column elementor-col-50 elementor-top-column elementor-element elementor-element-6ec3f8b\" data-id=\"6ec3f8b\" data-element_type=\"column\">\n\t\t\t<div class=\"elementor-widget-wrap elementor-element-populated\">\n\t\t\t\t\t\t\t\t<div data-split-settings=\"{&quot;type&quot;:&quot;chars&quot;,&quot;animation&quot;:&quot;fadeInUp2&quot;}\" class=\"elementor-element elementor-element-baa69ef wavo-headig-split heading-has-split-yes wavo-transform transform-type-translate elementor-widget elementor-widget-heading\" data-id=\"baa69ef\" data-element_type=\"widget\" data-widget_type=\"heading.default\">\n\t\t\t\t<div class=\"elementor-widget-container\">\n\t\t\t<h2 class=\"elementor-heading-title elementor-size-default\">Promluvme si<\/h2>\t\t<\/div>\n\t\t\t\t<\/div>\n\t\t\t\t<div class=\"elementor-element elementor-element-8d044cf wavo-transform transform-type-translate elementor-widget elementor-widget-heading\" data-id=\"8d044cf\" data-element_type=\"widget\" data-widget_type=\"heading.default\">\n\t\t\t\t<div class=\"elementor-widget-container\">\n\t\t\t<h5 class=\"elementor-heading-title elementor-size-default\"><a href=\"tel:+420770649669\">+420 770 649 669<\/a><\/h5>\t\t<\/div>\n\t\t\t\t<\/div>\n\t\t\t\t<div data-split-settings=\"{&quot;type&quot;:&quot;chars&quot;,&quot;animation&quot;:&quot;fadeInUp2&quot;}\" class=\"elementor-element elementor-element-6123549 wavo-headig-split heading-has-split-yes wavo-transform transform-type-translate elementor-widget elementor-widget-heading\" data-id=\"6123549\" data-element_type=\"widget\" data-widget_type=\"heading.default\">\n\t\t\t\t<div class=\"elementor-widget-container\">\n\t\t\t<h2 class=\"elementor-heading-title elementor-size-default\">Nav\u0161tiv n\u00e1s<\/h2>\t\t<\/div>\n\t\t\t\t<\/div>\n\t\t\t\t<div class=\"elementor-element elementor-element-f9c7b3b wavo-transform transform-type-translate elementor-widget elementor-widget-heading\" data-id=\"f9c7b3b\" data-element_type=\"widget\" data-widget_type=\"heading.default\">\n\t\t\t\t<div class=\"elementor-widget-container\">\n\t\t\t<h5 class=\"elementor-heading-title elementor-size-default\"><a href=\"https:\/\/www.google.com\/maps\/place\/CoderZ\/@50.0766407,14.4293374,17z\/data=!3m1!4b1!4m5!3m4!1s0x470b954271dc7f2f:0x8f67fc5bc402a831!8m2!3d50.0766407!4d14.4315261\">Mikovcova 531\/9,<br>\nPrague 2 Vinohrady<\/a><\/h5>\t\t<\/div>\n\t\t\t\t<\/div>\n\t\t\t\t\t<\/div>\n\t\t<\/div>\n\t\t\t\t\t\t\t<\/div>\n\t\t<\/div>\n\t\t\t\t<div class=\"wavo-column-gap-default elementor-section elementor-top-section elementor-element elementor-element-4261cd45 elementor-section-stretched elementor-section-content-middle elementor-section-boxed elementor-section-height-default elementor-section-height-default\" data-id=\"4261cd45\" data-element_type=\"section\" data-settings=\"{&quot;stretch_section&quot;:&quot;section-stretched&quot;,&quot;background_background&quot;:&quot;classic&quot;}\">\n\t\t\t\t\t\t<div class=\"elementor-container elementor-column-gap-default\">\n\t\t\t\t\t<div class=\"elementor-column elementor-col-50 elementor-top-column elementor-element elementor-element-1aa8ba\" data-id=\"1aa8ba\" data-element_type=\"column\">\n\t\t\t<div class=\"elementor-widget-wrap elementor-element-populated\">\n\t\t\t\t\t\t\t\t<div data-split-settings=\"{&quot;type&quot;:&quot;chars&quot;,&quot;animation&quot;:&quot;fadeInUp2&quot;}\" class=\"elementor-element elementor-element-379313cf wavo-headig-split heading-has-split-yes wavo-transform transform-type-translate elementor-widget elementor-widget-heading\" data-id=\"379313cf\" data-element_type=\"widget\" data-widget_type=\"heading.default\">\n\t\t\t\t<div class=\"elementor-widget-container\">\n\t\t\t<h6 class=\"elementor-heading-title elementor-size-default\">Zobrazit v\u0161echna d\u00edla<\/h6>\t\t<\/div>\n\t\t\t\t<\/div>\n\t\t\t\t<div data-split-settings=\"{&quot;type&quot;:&quot;chars&quot;,&quot;animation&quot;:&quot;fadeInUp2&quot;}\" class=\"elementor-element elementor-element-3610ada2 wavo-stroke wavo-has-stroke-yes wavo-has-stroke-type stroke-type-part wavo-headig-split heading-has-split-yes wavo-transform transform-type-translate elementor-widget elementor-widget-heading\" data-id=\"3610ada2\" data-element_type=\"widget\" data-widget_type=\"heading.default\">\n\t\t\t\t<div class=\"elementor-widget-container\">\n\t\t\t<h2 class=\"elementor-heading-title elementor-size-default\"><a href=\"\/cs\/portfolio\/\"><b>Portfolio<\/b><\/a><\/h2>\t\t<\/div>\n\t\t\t\t<\/div>\n\t\t\t\t\t<\/div>\n\t\t<\/div>\n\t\t\t\t<div class=\"elementor-column elementor-col-50 elementor-top-column elementor-element elementor-element-7e71cd5b\" data-id=\"7e71cd5b\" data-element_type=\"column\">\n\t\t\t<div class=\"elementor-widget-wrap elementor-element-populated\">\n\t\t\t\t\t\t\t\t<div class=\"elementor-element elementor-element-3ec7fee5 elementor-widget elementor-widget-wavo-button\" data-id=\"3ec7fee5\" data-element_type=\"widget\" data-widget_type=\"wavo-button.default\">\n\t\t\t\t<div class=\"elementor-widget-container\">\n\t\t\t<div class=\"wavo-button\"><a class=\"wavo-btn btn-curve btn-lit\" href=\"\/cs\/portfolio\/\"><span class=\"button_text\">Zobrazit d\u00edla <\/span><\/a><\/div>\t\t<\/div>\n\t\t\t\t<\/div>\n\t\t\t\t\t<\/div>\n\t\t<\/div>\n\t\t\t\t\t\t\t<\/div>\n\t\t<\/div>\n\t\t\t\t\t\t\t<\/div>\n\t\t","protected":false},"excerpt":{"rendered":"<p>Chcete pracovat spole\u010dn\u011b nebo mluvit o n\u00e1padu? Poj\u010fme na to. Kontaktujte n\u00e1s Send Message Promluvme si +420 770 649 669 Nav\u0161tiv n\u00e1s Mikovcova 531\/9, Prague 2 Vinohrady Zobrazit v\u0161echna d\u00edla Portfolio Zobrazit d\u00edla<\/p>\n","protected":false},"author":1,"featured_media":0,"parent":0,"menu_order":0,"comment_status":"closed","ping_status":"closed","template":"wavo-elementor-page.php","meta":{"footnotes":""},"class_list":{"0":"post-5199","1":"page","2":"type-page","3":"status-publish","4":"hentry","5":"nt-post-class","6":"","7":"thumb-none","9":"excerpt-none"},"acf":[],"yoast_head":"<!-- This site is optimized with the Yoast SEO plugin v21.8 - https:\/\/yoast.com\/wordpress\/plugins\/seo\/ -->\n<title>Kontakt - coderz.cz<\/title>\n<meta name=\"description\" content=\"Jsme webov\u00e1 agentura nab\u00edzej\u00edc\u00ed v\u00fdvoj elektronick\u00e9ho obchodu, SEO optimalizaci a vysoce hodnotn\u00e1 marketingov\u00e1 \u0159e\u0161en\u00ed\" \/>\n<meta name=\"robots\" content=\"index, follow, max-snippet:-1, max-image-preview:large, max-video-preview:-1\" \/>\n<link rel=\"canonical\" href=\"https:\/\/coderz.cz\/cs\/kontakt\/\" \/>\n<meta property=\"og:locale\" content=\"cs_CZ\" \/>\n<meta property=\"og:type\" content=\"article\" \/>\n<meta property=\"og:title\" content=\"Kontakt - coderz.cz\" \/>\n<meta property=\"og:description\" content=\"Jsme webov\u00e1 agentura nab\u00edzej\u00edc\u00ed v\u00fdvoj elektronick\u00e9ho obchodu, SEO optimalizaci a vysoce hodnotn\u00e1 marketingov\u00e1 \u0159e\u0161en\u00ed\" \/>\n<meta property=\"og:url\" content=\"https:\/\/coderz.cz\/cs\/kontakt\/\" \/>\n<meta property=\"og:site_name\" content=\"coderz.cz\" \/>\n<meta property=\"article:publisher\" content=\"https:\/\/www.facebook.com\/coderz.cz\" \/>\n<meta property=\"article:modified_time\" content=\"2021-05-25T22:58:55+00:00\" \/>\n<meta property=\"og:image\" content=\"https:\/\/coderz.cz\/web-agency\/wp-content\/uploads\/2021\/04\/coderz_400.png\" \/>\n\t<meta property=\"og:image:width\" content=\"400\" \/>\n\t<meta property=\"og:image:height\" content=\"91\" \/>\n\t<meta property=\"og:image:type\" content=\"image\/png\" \/>\n<meta name=\"twitter:card\" content=\"summary_large_image\" \/>\n<meta name=\"twitter:label1\" content=\"Est. reading time\" \/>\n\t<meta name=\"twitter:data1\" content=\"1 minute\" \/>\n<script type=\"application\/ld+json\" class=\"yoast-schema-graph\">{\"@context\":\"https:\/\/schema.org\",\"@graph\":[{\"@type\":\"WebPage\",\"@id\":\"https:\/\/coderz.cz\/cs\/kontakt\/\",\"url\":\"https:\/\/coderz.cz\/cs\/kontakt\/\",\"name\":\"Kontakt - coderz.cz\",\"isPartOf\":{\"@id\":\"https:\/\/coderz.cz\/cs\/#website\"},\"datePublished\":\"2020-04-24T22:47:38+00:00\",\"dateModified\":\"2021-05-25T22:58:55+00:00\",\"description\":\"Jsme webov\u00e1 agentura nab\u00edzej\u00edc\u00ed v\u00fdvoj elektronick\u00e9ho obchodu, SEO optimalizaci a vysoce hodnotn\u00e1 marketingov\u00e1 \u0159e\u0161en\u00ed\",\"breadcrumb\":{\"@id\":\"https:\/\/coderz.cz\/cs\/kontakt\/#breadcrumb\"},\"inLanguage\":\"cs-CZ\",\"potentialAction\":[{\"@type\":\"ReadAction\",\"target\":[\"https:\/\/coderz.cz\/cs\/kontakt\/\"]}]},{\"@type\":\"BreadcrumbList\",\"@id\":\"https:\/\/coderz.cz\/cs\/kontakt\/#breadcrumb\",\"itemListElement\":[{\"@type\":\"ListItem\",\"position\":1,\"name\":\"Home\",\"item\":\"https:\/\/coderz.cz\/cs\/home\/\"},{\"@type\":\"ListItem\",\"position\":2,\"name\":\"Kontakt\"}]},{\"@type\":\"WebSite\",\"@id\":\"https:\/\/coderz.cz\/cs\/#website\",\"url\":\"https:\/\/coderz.cz\/cs\/\",\"name\":\"coderz.cz\",\"description\":\"e-commerce, web marketing, professional web sites\",\"publisher\":{\"@id\":\"https:\/\/coderz.cz\/cs\/#organization\"},\"potentialAction\":[{\"@type\":\"SearchAction\",\"target\":{\"@type\":\"EntryPoint\",\"urlTemplate\":\"https:\/\/coderz.cz\/cs\/?s={search_term_string}\"},\"query-input\":\"required name=search_term_string\"}],\"inLanguage\":\"cs-CZ\"},{\"@type\":\"Organization\",\"@id\":\"https:\/\/coderz.cz\/cs\/#organization\",\"name\":\"coderz.cz\",\"url\":\"https:\/\/coderz.cz\/cs\/\",\"logo\":{\"@type\":\"ImageObject\",\"inLanguage\":\"cs-CZ\",\"@id\":\"https:\/\/coderz.cz\/cs\/#\/schema\/logo\/image\/\",\"url\":\"https:\/\/coderz.cz\/web-agency\/wp-content\/uploads\/2021\/04\/coderz_400.png\",\"contentUrl\":\"https:\/\/coderz.cz\/web-agency\/wp-content\/uploads\/2021\/04\/coderz_400.png\",\"width\":400,\"height\":91,\"caption\":\"coderz.cz\"},\"image\":{\"@id\":\"https:\/\/coderz.cz\/cs\/#\/schema\/logo\/image\/\"},\"sameAs\":[\"https:\/\/www.facebook.com\/coderz.cz\",\"https:\/\/www.linkedin.com\/company\/coderz-cz\/\"]}]}<\/script>\n<!-- \/ Yoast SEO plugin. -->","yoast_head_json":{"title":"Kontakt - coderz.cz","description":"Jsme webov\u00e1 agentura nab\u00edzej\u00edc\u00ed v\u00fdvoj elektronick\u00e9ho obchodu, SEO optimalizaci a vysoce hodnotn\u00e1 marketingov\u00e1 \u0159e\u0161en\u00ed","robots":{"index":"index","follow":"follow","max-snippet":"max-snippet:-1","max-image-preview":"max-image-preview:large","max-video-preview":"max-video-preview:-1"},"canonical":"https:\/\/coderz.cz\/cs\/kontakt\/","og_locale":"cs_CZ","og_type":"article","og_title":"Kontakt - coderz.cz","og_description":"Jsme webov\u00e1 agentura nab\u00edzej\u00edc\u00ed v\u00fdvoj elektronick\u00e9ho obchodu, SEO optimalizaci a vysoce hodnotn\u00e1 marketingov\u00e1 \u0159e\u0161en\u00ed","og_url":"https:\/\/coderz.cz\/cs\/kontakt\/","og_site_name":"coderz.cz","article_publisher":"https:\/\/www.facebook.com\/coderz.cz","article_modified_time":"2021-05-25T22:58:55+00:00","og_image":[{"width":400,"height":91,"url":"https:\/\/coderz.cz\/web-agency\/wp-content\/uploads\/2021\/04\/coderz_400.png","type":"image\/png"}],"twitter_card":"summary_large_image","twitter_misc":{"Est. reading time":"1 minute"},"schema":{"@context":"https:\/\/schema.org","@graph":[{"@type":"WebPage","@id":"https:\/\/coderz.cz\/cs\/kontakt\/","url":"https:\/\/coderz.cz\/cs\/kontakt\/","name":"Kontakt - coderz.cz","isPartOf":{"@id":"https:\/\/coderz.cz\/cs\/#website"},"datePublished":"2020-04-24T22:47:38+00:00","dateModified":"2021-05-25T22:58:55+00:00","description":"Jsme webov\u00e1 agentura nab\u00edzej\u00edc\u00ed v\u00fdvoj elektronick\u00e9ho obchodu, SEO optimalizaci a vysoce hodnotn\u00e1 marketingov\u00e1 \u0159e\u0161en\u00ed","breadcrumb":{"@id":"https:\/\/coderz.cz\/cs\/kontakt\/#breadcrumb"},"inLanguage":"cs-CZ","potentialAction":[{"@type":"ReadAction","target":["https:\/\/coderz.cz\/cs\/kontakt\/"]}]},{"@type":"BreadcrumbList","@id":"https:\/\/coderz.cz\/cs\/kontakt\/#breadcrumb","itemListElement":[{"@type":"ListItem","position":1,"name":"Home","item":"https:\/\/coderz.cz\/cs\/home\/"},{"@type":"ListItem","position":2,"name":"Kontakt"}]},{"@type":"WebSite","@id":"https:\/\/coderz.cz\/cs\/#website","url":"https:\/\/coderz.cz\/cs\/","name":"coderz.cz","description":"e-commerce, web marketing, professional web sites","publisher":{"@id":"https:\/\/coderz.cz\/cs\/#organization"},"potentialAction":[{"@type":"SearchAction","target":{"@type":"EntryPoint","urlTemplate":"https:\/\/coderz.cz\/cs\/?s={search_term_string}"},"query-input":"required name=search_term_string"}],"inLanguage":"cs-CZ"},{"@type":"Organization","@id":"https:\/\/coderz.cz\/cs\/#organization","name":"coderz.cz","url":"https:\/\/coderz.cz\/cs\/","logo":{"@type":"ImageObject","inLanguage":"cs-CZ","@id":"https:\/\/coderz.cz\/cs\/#\/schema\/logo\/image\/","url":"https:\/\/coderz.cz\/web-agency\/wp-content\/uploads\/2021\/04\/coderz_400.png","contentUrl":"https:\/\/coderz.cz\/web-agency\/wp-content\/uploads\/2021\/04\/coderz_400.png","width":400,"height":91,"caption":"coderz.cz"},"image":{"@id":"https:\/\/coderz.cz\/cs\/#\/schema\/logo\/image\/"},"sameAs":["https:\/\/www.facebook.com\/coderz.cz","https:\/\/www.linkedin.com\/company\/coderz-cz\/"]}]}},"_links":{"self":[{"href":"https:\/\/coderz.cz\/cs\/wp-json\/wp\/v2\/pages\/5199","targetHints":{"allow":["GET"]}}],"collection":[{"href":"https:\/\/coderz.cz\/cs\/wp-json\/wp\/v2\/pages"}],"about":[{"href":"https:\/\/coderz.cz\/cs\/wp-json\/wp\/v2\/types\/page"}],"author":[{"embeddable":true,"href":"https:\/\/coderz.cz\/cs\/wp-json\/wp\/v2\/users\/1"}],"replies":[{"embeddable":true,"href":"https:\/\/coderz.cz\/cs\/wp-json\/wp\/v2\/comments?post=5199"}],"version-history":[{"count":0,"href":"https:\/\/coderz.cz\/cs\/wp-json\/wp\/v2\/pages\/5199\/revisions"}],"wp:attachment":[{"href":"https:\/\/coderz.cz\/cs\/wp-json\/wp\/v2\/media?parent=5199"}],"curies":[{"name":"wp","href":"https:\/\/api.w.org\/{rel}","templated":true}]}}