{"id":4748,"date":"2021-02-19T09:49:13","date_gmt":"2021-02-19T09:49:13","guid":{"rendered":"https:\/\/coderz.cz\/web-agency\/portfolio\/"},"modified":"2021-06-30T09:45:13","modified_gmt":"2021-06-30T09:45:13","slug":"portfolio","status":"publish","type":"page","link":"https:\/\/coderz.cz\/cs\/portfolio\/","title":{"rendered":"Portfolio"},"content":{"rendered":"\t\t<div data-elementor-type=\"wp-page\" data-elementor-id=\"4748\" class=\"elementor elementor-4748 elementor-4700\">\n\t\t\t\t\t\t\t\t\t<section class=\"wavo-column-gap-default elementor-section elementor-top-section elementor-element elementor-element-76cd5bde elementor-section-stretched nt-section section-padding wavo-parallax jarallax parallax-yes elementor-section-boxed elementor-section-height-default elementor-section-height-default\" data-wavo-parallax=\"{&quot;type&quot;:&quot;scroll&quot;,&quot;speed&quot;:&quot;0.2&quot;,&quot;imgsize&quot;:&quot;auto&quot;,&quot;imgsrc&quot;:&quot;https:\/\/coderz.cz\/web-agency\/wp-content\/uploads\/2021\/02\/portfolio-4.jpg&quot;,&quot;mobile&quot;:&quot;&quot;}\" data-id=\"76cd5bde\" data-element_type=\"section\" data-settings=\"{&quot;stretch_section&quot;:&quot;section-stretched&quot;,&quot;background_background&quot;:&quot;classic&quot;}\">\n\t\t\t\t\t\t<div class=\"elementor-container elementor-column-gap-default\">\n\t\t\t\t\t<div class=\"elementor-column elementor-col-100 elementor-top-column elementor-element elementor-element-46e35825\" data-id=\"46e35825\" data-element_type=\"column\">\n\t\t\t<div class=\"elementor-widget-wrap elementor-element-populated\">\n\t\t\t\t\t\t\t\t<div class=\"elementor-element elementor-element-57ae58f5 wavo-transform transform-type-translate elementor-widget elementor-widget-heading\" data-id=\"57ae58f5\" data-element_type=\"widget\" data-widget_type=\"heading.default\">\n\t\t\t\t<div class=\"elementor-widget-container\">\n\t\t\t<h1 class=\"elementor-heading-title elementor-size-default\">Na\u0161e pr\u00e1ce<\/h1>\t\t<\/div>\n\t\t\t\t<\/div>\n\t\t\t\t<div data-split-settings=\"{&quot;type&quot;:&quot;chars&quot;,&quot;animation&quot;:&quot;fadeIn2&quot;}\" class=\"elementor-element elementor-element-434b54f0 wavo-headig-split heading-has-split-yes wavo-transform transform-type-translate elementor-widget elementor-widget-heading\" data-id=\"434b54f0\" data-element_type=\"widget\" data-widget_type=\"heading.default\">\n\t\t\t\t<div class=\"elementor-widget-container\">\n\t\t\t<p class=\"elementor-heading-title elementor-size-medium\">V podnik\u00e1n\u00ed od roku 2010 se v\u011bnujeme sv\u00e9 pr\u00e1ci, r\u00e1di se star\u00e1me o ka\u017ed\u00e9ho z\u00e1kazn\u00edka: ka\u017ed\u00e1 dod\u00e1van\u00e1 pr\u00e1ce je vyrobena s v\u00e1\u0161n\u00ed, kreativitou a osv\u011bd\u010den\u00fdmi postupy, pokud jde o obsah, grafiku, v\u00fdvoj k\u00f3du a optimalizaci SEO. <Br >\nProhl\u00e9dn\u011bte si na\u0161e Porfolio, pod\u011blte se s n\u00e1mi o sv\u00e9 n\u00e1pady, prom\u011bn\u00edme je v realitu. <\/p>\t\t<\/div>\n\t\t\t\t<\/div>\n\t\t\t\t\t<\/div>\n\t\t<\/div>\n\t\t\t\t\t\t\t<\/div>\n\t\t<\/section>\n\t\t\t\t<section class=\"wavo-column-gap-default elementor-section elementor-top-section elementor-element elementor-element-5c4c8aff elementor-section-stretched nt-section section-padding elementor-section-content-middle elementor-section-boxed elementor-section-height-default elementor-section-height-default\" data-id=\"5c4c8aff\" data-element_type=\"section\" data-settings=\"{&quot;stretch_section&quot;:&quot;section-stretched&quot;}\">\n\t\t\t\t\t\t<div class=\"elementor-container elementor-column-gap-default\">\n\t\t\t\t\t<div class=\"elementor-column elementor-col-100 elementor-top-column elementor-element elementor-element-656e139e\" data-id=\"656e139e\" data-element_type=\"column\">\n\t\t\t<div class=\"elementor-widget-wrap elementor-element-populated\">\n\t\t\t\t\t\t\t\t<div class=\"elementor-element elementor-element-7f79db6a elementor-widget elementor-widget-wavo-projects-gallery\" data-id=\"7f79db6a\" data-element_type=\"widget\" data-widget_type=\"wavo-projects-gallery.default\">\n\t\t\t\t<div class=\"elementor-widget-container\">\n\t\t\t<div class=\"portfolio\" id=\"gallery-7f79db6a\"><div class=\"container-off\"><div class=\"row\"><div class=\"filtering col-12\"><div class=\"filter\"><span data-filter='*'  class=\"active\">All Products<\/span><span data-filter='.website' data-cat-id=\"55\">Website<\/span><span data-filter='.corporate-website' data-cat-id=\"56\">Corporate Website<\/span><span data-filter='.e-commerce' data-cat-id=\"57\">E-Commerce<\/span><span data-filter='.e-shop' data-cat-id=\"72\">E-Shop<\/span><span data-filter='.drop-shipping' data-cat-id=\"93\">Drop Shipping<\/span><span data-filter='.web-agency' data-cat-id=\"123\">Web Agency<\/span><span data-filter='.contest-web-page' data-cat-id=\"154\">Contest web page<\/span><\/div><\/div><div class=\"gallery full-width\" data-layout-mode=\"fitRows\"><div class=\"grid-sizer col-md-6\"><\/div><div class=\"col-md-6 e-commerce e-shop items wavo-project-id-5529\" data-project-id=\"5529\"><div class=\"item-img wow fadeInUp\"><div class=\"item-img-overlay-two wow2\"><\/div><a href=\"https:\/\/coderz.cz\/cs\/projects\/colf24-com\/\"><img fetchpriority=\"high\" decoding=\"async\" width=\"1200\" height=\"900\" src=\"https:\/\/coderz.cz\/web-agency\/wp-content\/uploads\/2021\/01\/colf24.com_.jpg\" class=\"attachment-full size-full wp-post-image\" alt=\"print screen from colf24.com e-commerce\" srcset=\"https:\/\/coderz.cz\/web-agency\/wp-content\/uploads\/2021\/01\/colf24.com_.jpg 1200w, https:\/\/coderz.cz\/web-agency\/wp-content\/uploads\/2021\/01\/colf24.com_-300x225.jpg 300w, https:\/\/coderz.cz\/web-agency\/wp-content\/uploads\/2021\/01\/colf24.com_-1024x768.jpg 1024w, https:\/\/coderz.cz\/web-agency\/wp-content\/uploads\/2021\/01\/colf24.com_-768x576.jpg 768w, https:\/\/coderz.cz\/web-agency\/wp-content\/uploads\/2021\/01\/colf24.com_-980x735.jpg 980w\" sizes=\"(max-width: 1200px) 100vw, 1200px\" \/><div class=\"item-img-overlay valign\"><div class=\"overlay-info full-width\"><h5 data-splitting>colf24.com<\/h5><\/div><\/div><\/a><\/div><\/div><div class=\"col-md-6 e-commerce e-shop items wavo-project-id-5531\" data-project-id=\"5531\"><div class=\"item-img wow fadeInUp\"><div class=\"item-img-overlay-two wow2\"><\/div><a href=\"https:\/\/coderz.cz\/cs\/projects\/iloveparfums-cz\/\"><img decoding=\"async\" width=\"1200\" height=\"900\" src=\"https:\/\/coderz.cz\/web-agency\/wp-content\/uploads\/2021\/02\/iloveparfums.cz_.jpg\" class=\"attachment-full size-full wp-post-image\" alt=\"i love parfums, perfumes e-commerce Praha\" srcset=\"https:\/\/coderz.cz\/web-agency\/wp-content\/uploads\/2021\/02\/iloveparfums.cz_.jpg 1200w, https:\/\/coderz.cz\/web-agency\/wp-content\/uploads\/2021\/02\/iloveparfums.cz_-300x225.jpg 300w, https:\/\/coderz.cz\/web-agency\/wp-content\/uploads\/2021\/02\/iloveparfums.cz_-1024x768.jpg 1024w, https:\/\/coderz.cz\/web-agency\/wp-content\/uploads\/2021\/02\/iloveparfums.cz_-768x576.jpg 768w, https:\/\/coderz.cz\/web-agency\/wp-content\/uploads\/2021\/02\/iloveparfums.cz_-980x735.jpg 980w\" sizes=\"(max-width: 1200px) 100vw, 1200px\" \/><div class=\"item-img-overlay valign\"><div class=\"overlay-info full-width\"><h5 data-splitting>iloveparfums.cz<\/h5><\/div><\/div><\/a><\/div><\/div><div class=\"col-md-6 drop-shipping e-commerce items wavo-project-id-5533\" data-project-id=\"5533\"><div class=\"item-img wow fadeInUp\"><div class=\"item-img-overlay-two wow2\"><\/div><a href=\"https:\/\/coderz.cz\/cs\/projects\/laboutiquedelleros-it\/\"><img decoding=\"async\" width=\"1200\" height=\"900\" src=\"https:\/\/coderz.cz\/web-agency\/wp-content\/uploads\/2021\/02\/laboutiquedelleros.it_-1.jpg\" class=\"attachment-full size-full wp-post-image\" alt=\"\" srcset=\"https:\/\/coderz.cz\/web-agency\/wp-content\/uploads\/2021\/02\/laboutiquedelleros.it_-1.jpg 1200w, https:\/\/coderz.cz\/web-agency\/wp-content\/uploads\/2021\/02\/laboutiquedelleros.it_-1-300x225.jpg 300w, https:\/\/coderz.cz\/web-agency\/wp-content\/uploads\/2021\/02\/laboutiquedelleros.it_-1-1024x768.jpg 1024w, https:\/\/coderz.cz\/web-agency\/wp-content\/uploads\/2021\/02\/laboutiquedelleros.it_-1-768x576.jpg 768w, https:\/\/coderz.cz\/web-agency\/wp-content\/uploads\/2021\/02\/laboutiquedelleros.it_-1-980x735.jpg 980w\" sizes=\"(max-width: 1200px) 100vw, 1200px\" \/><div class=\"item-img-overlay valign\"><div class=\"overlay-info full-width\"><h5 data-splitting>laBoutiqueDellEros.it<\/h5><\/div><\/div><\/a><\/div><\/div><div class=\"col-md-6 website items wavo-project-id-5535\" data-project-id=\"5535\"><div class=\"item-img wow fadeInUp\"><div class=\"item-img-overlay-two wow2\"><\/div><a href=\"https:\/\/coderz.cz\/cs\/projects\/lievito-cz\/\"><img loading=\"lazy\" decoding=\"async\" width=\"1200\" height=\"900\" src=\"https:\/\/coderz.cz\/web-agency\/wp-content\/uploads\/2021\/02\/lievito.cz_.jpg\" class=\"attachment-full size-full wp-post-image\" alt=\"responsive view of the website\" srcset=\"https:\/\/coderz.cz\/web-agency\/wp-content\/uploads\/2021\/02\/lievito.cz_.jpg 1200w, https:\/\/coderz.cz\/web-agency\/wp-content\/uploads\/2021\/02\/lievito.cz_-300x225.jpg 300w, https:\/\/coderz.cz\/web-agency\/wp-content\/uploads\/2021\/02\/lievito.cz_-1024x768.jpg 1024w, https:\/\/coderz.cz\/web-agency\/wp-content\/uploads\/2021\/02\/lievito.cz_-768x576.jpg 768w, https:\/\/coderz.cz\/web-agency\/wp-content\/uploads\/2021\/02\/lievito.cz_-980x735.jpg 980w\" sizes=\"(max-width: 1200px) 100vw, 1200px\" \/><div class=\"item-img-overlay valign\"><div class=\"overlay-info full-width\"><h5 data-splitting>lievito.cz<\/h5><\/div><\/div><\/a><\/div><\/div><div class=\"col-md-6 website items wavo-project-id-5537\" data-project-id=\"5537\"><div class=\"item-img wow fadeInUp\"><div class=\"item-img-overlay-two wow2\"><\/div><a href=\"https:\/\/coderz.cz\/cs\/projects\/roboworldversatile\/\"><img loading=\"lazy\" decoding=\"async\" width=\"1200\" height=\"900\" src=\"https:\/\/coderz.cz\/web-agency\/wp-content\/uploads\/2021\/02\/roboworldversatile.com_.au_.jpg\" class=\"attachment-full size-full wp-post-image\" alt=\"\" srcset=\"https:\/\/coderz.cz\/web-agency\/wp-content\/uploads\/2021\/02\/roboworldversatile.com_.au_.jpg 1200w, https:\/\/coderz.cz\/web-agency\/wp-content\/uploads\/2021\/02\/roboworldversatile.com_.au_-300x225.jpg 300w, https:\/\/coderz.cz\/web-agency\/wp-content\/uploads\/2021\/02\/roboworldversatile.com_.au_-1024x768.jpg 1024w, https:\/\/coderz.cz\/web-agency\/wp-content\/uploads\/2021\/02\/roboworldversatile.com_.au_-768x576.jpg 768w, https:\/\/coderz.cz\/web-agency\/wp-content\/uploads\/2021\/02\/roboworldversatile.com_.au_-980x735.jpg 980w\" sizes=\"(max-width: 1200px) 100vw, 1200px\" \/><div class=\"item-img-overlay valign\"><div class=\"overlay-info full-width\"><h5 data-splitting>RoboworldVersatile<\/h5><\/div><\/div><\/a><\/div><\/div><div class=\"col-md-6 corporate-website web-agency items wavo-project-id-5539\" data-project-id=\"5539\"><div class=\"item-img wow fadeInUp\"><div class=\"item-img-overlay-two wow2\"><\/div><a href=\"https:\/\/coderz.cz\/cs\/projects\/u-glam-com\/\"><img loading=\"lazy\" decoding=\"async\" width=\"1200\" height=\"900\" src=\"https:\/\/coderz.cz\/web-agency\/wp-content\/uploads\/2021\/02\/u-glam.com_.jpg\" class=\"attachment-full size-full wp-post-image\" alt=\"model agency prague website\" srcset=\"https:\/\/coderz.cz\/web-agency\/wp-content\/uploads\/2021\/02\/u-glam.com_.jpg 1200w, https:\/\/coderz.cz\/web-agency\/wp-content\/uploads\/2021\/02\/u-glam.com_-300x225.jpg 300w, https:\/\/coderz.cz\/web-agency\/wp-content\/uploads\/2021\/02\/u-glam.com_-1024x768.jpg 1024w, https:\/\/coderz.cz\/web-agency\/wp-content\/uploads\/2021\/02\/u-glam.com_-768x576.jpg 768w, https:\/\/coderz.cz\/web-agency\/wp-content\/uploads\/2021\/02\/u-glam.com_-980x735.jpg 980w\" sizes=\"(max-width: 1200px) 100vw, 1200px\" \/><div class=\"item-img-overlay valign\"><div class=\"overlay-info full-width\"><h5 data-splitting>U-Glam.com<\/h5><\/div><\/div><\/a><\/div><\/div><div class=\"col-md-6 website items wavo-project-id-5528\" data-project-id=\"5528\"><div class=\"item-img wow fadeInUp\"><div class=\"item-img-overlay-two wow2\"><\/div><a href=\"https:\/\/coderz.cz\/cs\/projects\/avvocatobizzocchi\/\"><img loading=\"lazy\" decoding=\"async\" width=\"960\" height=\"720\" src=\"https:\/\/coderz.cz\/web-agency\/wp-content\/uploads\/2021\/01\/avvocatobizzocchi.com_home_960x720.jpg\" class=\"attachment-full size-full wp-post-image\" alt=\"print screen from colf24.com e-commerce\" srcset=\"https:\/\/coderz.cz\/web-agency\/wp-content\/uploads\/2021\/01\/avvocatobizzocchi.com_home_960x720.jpg 960w, https:\/\/coderz.cz\/web-agency\/wp-content\/uploads\/2021\/01\/avvocatobizzocchi.com_home_960x720-300x225.jpg 300w, https:\/\/coderz.cz\/web-agency\/wp-content\/uploads\/2021\/01\/avvocatobizzocchi.com_home_960x720-768x576.jpg 768w\" sizes=\"(max-width: 960px) 100vw, 960px\" \/><div class=\"item-img-overlay valign\"><div class=\"overlay-info full-width\"><h5 data-splitting>avvocatoBizzocchi<\/h5><\/div><\/div><\/a><\/div><\/div><div class=\"col-md-6  items wavo-project-id-6332\" data-project-id=\"6332\"><div class=\"item-img wow fadeInUp\"><div class=\"item-img-overlay-two wow2\"><\/div><a href=\"https:\/\/coderz.cz\/cs\/projects\/bata-contest-page\/\"><img loading=\"lazy\" decoding=\"async\" width=\"960\" height=\"720\" src=\"https:\/\/coderz.cz\/web-agency\/wp-content\/uploads\/2021\/11\/bata-contest_960-1.jpg\" class=\"attachment-full size-full wp-post-image\" alt=\"Leto s Batou campaign poster\" srcset=\"https:\/\/coderz.cz\/web-agency\/wp-content\/uploads\/2021\/11\/bata-contest_960-1.jpg 960w, https:\/\/coderz.cz\/web-agency\/wp-content\/uploads\/2021\/11\/bata-contest_960-1-300x225.jpg 300w, https:\/\/coderz.cz\/web-agency\/wp-content\/uploads\/2021\/11\/bata-contest_960-1-768x576.jpg 768w, https:\/\/coderz.cz\/web-agency\/wp-content\/uploads\/2021\/11\/bata-contest_960-1-500x375.jpg 500w\" sizes=\"(max-width: 960px) 100vw, 960px\" \/><div class=\"item-img-overlay valign\"><div class=\"overlay-info full-width\"><h5 data-splitting>Bata contest page<\/h5><\/div><\/div><\/a><\/div><\/div><div class=\"col-md-6 contest-web-page website items wavo-project-id-6719\" data-project-id=\"6719\"><div class=\"item-img wow fadeInUp\"><div class=\"item-img-overlay-two wow2\"><\/div><a href=\"https:\/\/coderz.cz\/cs\/projects\/hellobank-contest-page\/\"><img loading=\"lazy\" decoding=\"async\" width=\"960\" height=\"720\" src=\"https:\/\/coderz.cz\/web-agency\/wp-content\/uploads\/2021\/11\/hellobank-contest_960-1.jpg\" class=\"attachment-full size-full wp-post-image\" alt=\"\" srcset=\"https:\/\/coderz.cz\/web-agency\/wp-content\/uploads\/2021\/11\/hellobank-contest_960-1.jpg 960w, https:\/\/coderz.cz\/web-agency\/wp-content\/uploads\/2021\/11\/hellobank-contest_960-1-300x225.jpg 300w, https:\/\/coderz.cz\/web-agency\/wp-content\/uploads\/2021\/11\/hellobank-contest_960-1-768x576.jpg 768w, https:\/\/coderz.cz\/web-agency\/wp-content\/uploads\/2021\/11\/hellobank-contest_960-1-500x375.jpg 500w\" sizes=\"(max-width: 960px) 100vw, 960px\" \/><div class=\"item-img-overlay valign\"><div class=\"overlay-info full-width\"><h5 data-splitting>HelloBank! contest page<\/h5><\/div><\/div><\/a><\/div><\/div><\/div><\/div><\/div><\/div>\t\t<\/div>\n\t\t\t\t<\/div>\n\t\t\t\t\t<\/div>\n\t\t<\/div>\n\t\t\t\t\t\t\t<\/div>\n\t\t<\/section>\n\t\t\t\t<div class=\"wavo-column-gap-default elementor-section elementor-top-section elementor-element elementor-element-5d2d5d1b elementor-section-stretched elementor-section-content-middle elementor-section-boxed elementor-section-height-default elementor-section-height-default\" data-id=\"5d2d5d1b\" data-element_type=\"section\" data-settings=\"{&quot;stretch_section&quot;:&quot;section-stretched&quot;,&quot;background_background&quot;:&quot;classic&quot;}\">\n\t\t\t\t\t\t<div class=\"elementor-container elementor-column-gap-default\">\n\t\t\t\t\t<div class=\"elementor-column elementor-col-50 elementor-top-column elementor-element elementor-element-e0cfec1\" data-id=\"e0cfec1\" data-element_type=\"column\">\n\t\t\t<div class=\"elementor-widget-wrap elementor-element-populated\">\n\t\t\t\t\t\t\t\t<div data-split-settings=\"{&quot;type&quot;:&quot;chars&quot;,&quot;animation&quot;:&quot;fadeInUp2&quot;}\" class=\"elementor-element elementor-element-3ab957d7 wavo-headig-split heading-has-split-yes wavo-transform transform-type-translate elementor-widget elementor-widget-heading\" data-id=\"3ab957d7\" data-element_type=\"widget\" data-widget_type=\"heading.default\">\n\t\t\t\t<div class=\"elementor-widget-container\">\n\t\t\t<h6 class=\"elementor-heading-title elementor-size-default\"><a href=\"\/cs\/kontakt\/\">Promluvme si<\/a><\/h6>\t\t<\/div>\n\t\t\t\t<\/div>\n\t\t\t\t<div data-split-settings=\"{&quot;type&quot;:&quot;chars&quot;,&quot;animation&quot;:&quot;fadeInUp2&quot;}\" class=\"elementor-element elementor-element-3f50ebe2 wavo-stroke wavo-has-stroke-yes wavo-has-stroke-type stroke-type-part wavo-headig-split heading-has-split-yes wavo-transform transform-type-translate elementor-widget elementor-widget-heading\" data-id=\"3f50ebe2\" data-element_type=\"widget\" data-widget_type=\"heading.default\">\n\t\t\t\t<div class=\"elementor-widget-container\">\n\t\t\t<h2 class=\"elementor-heading-title elementor-size-default\"><a href=\"\/cs\/kontakt\/\"><b> Kontaktujte <\/b> n\u00e1s <\/a><\/h2>\t\t<\/div>\n\t\t\t\t<\/div>\n\t\t\t\t\t<\/div>\n\t\t<\/div>\n\t\t\t\t<div class=\"elementor-column elementor-col-50 elementor-top-column elementor-element elementor-element-d4305a5\" data-id=\"d4305a5\" data-element_type=\"column\">\n\t\t\t<div class=\"elementor-widget-wrap elementor-element-populated\">\n\t\t\t\t\t\t\t\t<div class=\"elementor-element elementor-element-3f4bc443 elementor-widget elementor-widget-wavo-button\" data-id=\"3f4bc443\" data-element_type=\"widget\" data-widget_type=\"wavo-button.default\">\n\t\t\t\t<div class=\"elementor-widget-container\">\n\t\t\t<div class=\"wavo-button\"><a class=\"wavo-btn btn-curve btn-lit\" href=\"\/cs\/kontakt\/\"><span class=\"button_text\">B\u00fdt v kontaktu <\/span><\/a><\/div>\t\t<\/div>\n\t\t\t\t<\/div>\n\t\t\t\t\t<\/div>\n\t\t<\/div>\n\t\t\t\t\t\t\t<\/div>\n\t\t<\/div>\n\t\t\t\t\t\t\t<\/div>\n\t\t","protected":false},"excerpt":{"rendered":"<p>Na\u0161e pr\u00e1ce V podnik\u00e1n\u00ed od roku 2010 se v\u011bnujeme sv\u00e9 pr\u00e1ci, r\u00e1di se star\u00e1me o ka\u017ed\u00e9ho z\u00e1kazn\u00edka: ka\u017ed\u00e1 dod\u00e1van\u00e1 pr\u00e1ce je vyrobena s v\u00e1\u0161n\u00ed, kreativitou a osv\u011bd\u010den\u00fdmi postupy, pokud jde o obsah, grafiku, v\u00fdvoj k\u00f3du a optimalizaci SEO. Prohl\u00e9dn\u011bte si na\u0161e Porfolio, pod\u011blte se s n\u00e1mi o sv\u00e9 n\u00e1pady, prom\u011bn\u00edme je v realitu. All ProductsWebsiteCorporate&#8230;<\/p>\n","protected":false},"author":1,"featured_media":0,"parent":0,"menu_order":0,"comment_status":"closed","ping_status":"closed","template":"wavo-elementor-page.php","meta":{"footnotes":""},"class_list":{"0":"post-4748","1":"page","2":"type-page","3":"status-publish","4":"hentry","5":"nt-post-class","6":"","9":"excerpt-none"},"acf":[],"yoast_head":"<!-- This site is optimized with the Yoast SEO plugin v21.8 - https:\/\/yoast.com\/wordpress\/plugins\/seo\/ -->\n<title>Portfolio - coderz.cz<\/title>\n<meta name=\"robots\" content=\"index, follow, max-snippet:-1, max-image-preview:large, max-video-preview:-1\" \/>\n<link rel=\"canonical\" href=\"https:\/\/coderz.cz\/cs\/portfolio\/\" \/>\n<meta property=\"og:locale\" content=\"cs_CZ\" \/>\n<meta property=\"og:type\" content=\"article\" \/>\n<meta property=\"og:title\" content=\"Portfolio - coderz.cz\" \/>\n<meta property=\"og:description\" content=\"Na\u0161e pr\u00e1ce V podnik\u00e1n\u00ed od roku 2010 se v\u011bnujeme sv\u00e9 pr\u00e1ci, r\u00e1di se star\u00e1me o ka\u017ed\u00e9ho z\u00e1kazn\u00edka: ka\u017ed\u00e1 dod\u00e1van\u00e1 pr\u00e1ce je vyrobena s v\u00e1\u0161n\u00ed, kreativitou a osv\u011bd\u010den\u00fdmi postupy, pokud jde o obsah, grafiku, v\u00fdvoj k\u00f3du a optimalizaci SEO. Prohl\u00e9dn\u011bte si na\u0161e Porfolio, pod\u011blte se s n\u00e1mi o sv\u00e9 n\u00e1pady, prom\u011bn\u00edme je v realitu. All ProductsWebsiteCorporate...\" \/>\n<meta property=\"og:url\" content=\"https:\/\/coderz.cz\/cs\/portfolio\/\" \/>\n<meta property=\"og:site_name\" content=\"coderz.cz\" \/>\n<meta property=\"article:publisher\" content=\"https:\/\/www.facebook.com\/coderz.cz\" \/>\n<meta property=\"article:modified_time\" content=\"2021-06-30T09:45:13+00:00\" \/>\n<meta property=\"og:image\" content=\"https:\/\/coderz.cz\/web-agency\/wp-content\/uploads\/2021\/01\/avvocatobizzocchi.com_home_960x720.jpg\" \/>\n<meta name=\"twitter:card\" content=\"summary_large_image\" \/>\n<meta name=\"twitter:label1\" content=\"Est. reading time\" \/>\n\t<meta name=\"twitter:data1\" content=\"2 minutes\" \/>\n<script type=\"application\/ld+json\" class=\"yoast-schema-graph\">{\"@context\":\"https:\/\/schema.org\",\"@graph\":[{\"@type\":\"WebPage\",\"@id\":\"https:\/\/coderz.cz\/cs\/portfolio\/\",\"url\":\"https:\/\/coderz.cz\/cs\/portfolio\/\",\"name\":\"Portfolio - coderz.cz\",\"isPartOf\":{\"@id\":\"https:\/\/coderz.cz\/cs\/#website\"},\"datePublished\":\"2021-02-19T09:49:13+00:00\",\"dateModified\":\"2021-06-30T09:45:13+00:00\",\"breadcrumb\":{\"@id\":\"https:\/\/coderz.cz\/cs\/portfolio\/#breadcrumb\"},\"inLanguage\":\"cs-CZ\",\"potentialAction\":[{\"@type\":\"ReadAction\",\"target\":[\"https:\/\/coderz.cz\/cs\/portfolio\/\"]}]},{\"@type\":\"BreadcrumbList\",\"@id\":\"https:\/\/coderz.cz\/cs\/portfolio\/#breadcrumb\",\"itemListElement\":[{\"@type\":\"ListItem\",\"position\":1,\"name\":\"Home\",\"item\":\"https:\/\/coderz.cz\/cs\/home\/\"},{\"@type\":\"ListItem\",\"position\":2,\"name\":\"Portfolio\"}]},{\"@type\":\"WebSite\",\"@id\":\"https:\/\/coderz.cz\/cs\/#website\",\"url\":\"https:\/\/coderz.cz\/cs\/\",\"name\":\"coderz.cz\",\"description\":\"e-commerce, web marketing, professional web sites\",\"publisher\":{\"@id\":\"https:\/\/coderz.cz\/cs\/#organization\"},\"potentialAction\":[{\"@type\":\"SearchAction\",\"target\":{\"@type\":\"EntryPoint\",\"urlTemplate\":\"https:\/\/coderz.cz\/cs\/?s={search_term_string}\"},\"query-input\":\"required name=search_term_string\"}],\"inLanguage\":\"cs-CZ\"},{\"@type\":\"Organization\",\"@id\":\"https:\/\/coderz.cz\/cs\/#organization\",\"name\":\"coderz.cz\",\"url\":\"https:\/\/coderz.cz\/cs\/\",\"logo\":{\"@type\":\"ImageObject\",\"inLanguage\":\"cs-CZ\",\"@id\":\"https:\/\/coderz.cz\/cs\/#\/schema\/logo\/image\/\",\"url\":\"https:\/\/coderz.cz\/web-agency\/wp-content\/uploads\/2021\/04\/coderz_400.png\",\"contentUrl\":\"https:\/\/coderz.cz\/web-agency\/wp-content\/uploads\/2021\/04\/coderz_400.png\",\"width\":400,\"height\":91,\"caption\":\"coderz.cz\"},\"image\":{\"@id\":\"https:\/\/coderz.cz\/cs\/#\/schema\/logo\/image\/\"},\"sameAs\":[\"https:\/\/www.facebook.com\/coderz.cz\",\"https:\/\/www.linkedin.com\/company\/coderz-cz\/\"]}]}<\/script>\n<!-- \/ Yoast SEO plugin. -->","yoast_head_json":{"title":"Portfolio - coderz.cz","robots":{"index":"index","follow":"follow","max-snippet":"max-snippet:-1","max-image-preview":"max-image-preview:large","max-video-preview":"max-video-preview:-1"},"canonical":"https:\/\/coderz.cz\/cs\/portfolio\/","og_locale":"cs_CZ","og_type":"article","og_title":"Portfolio - coderz.cz","og_description":"Na\u0161e pr\u00e1ce V podnik\u00e1n\u00ed od roku 2010 se v\u011bnujeme sv\u00e9 pr\u00e1ci, r\u00e1di se star\u00e1me o ka\u017ed\u00e9ho z\u00e1kazn\u00edka: ka\u017ed\u00e1 dod\u00e1van\u00e1 pr\u00e1ce je vyrobena s v\u00e1\u0161n\u00ed, kreativitou a osv\u011bd\u010den\u00fdmi postupy, pokud jde o obsah, grafiku, v\u00fdvoj k\u00f3du a optimalizaci SEO. Prohl\u00e9dn\u011bte si na\u0161e Porfolio, pod\u011blte se s n\u00e1mi o sv\u00e9 n\u00e1pady, prom\u011bn\u00edme je v realitu. All ProductsWebsiteCorporate...","og_url":"https:\/\/coderz.cz\/cs\/portfolio\/","og_site_name":"coderz.cz","article_publisher":"https:\/\/www.facebook.com\/coderz.cz","article_modified_time":"2021-06-30T09:45:13+00:00","og_image":[{"url":"https:\/\/coderz.cz\/web-agency\/wp-content\/uploads\/2021\/01\/avvocatobizzocchi.com_home_960x720.jpg"}],"twitter_card":"summary_large_image","twitter_misc":{"Est. reading time":"2 minutes"},"schema":{"@context":"https:\/\/schema.org","@graph":[{"@type":"WebPage","@id":"https:\/\/coderz.cz\/cs\/portfolio\/","url":"https:\/\/coderz.cz\/cs\/portfolio\/","name":"Portfolio - coderz.cz","isPartOf":{"@id":"https:\/\/coderz.cz\/cs\/#website"},"datePublished":"2021-02-19T09:49:13+00:00","dateModified":"2021-06-30T09:45:13+00:00","breadcrumb":{"@id":"https:\/\/coderz.cz\/cs\/portfolio\/#breadcrumb"},"inLanguage":"cs-CZ","potentialAction":[{"@type":"ReadAction","target":["https:\/\/coderz.cz\/cs\/portfolio\/"]}]},{"@type":"BreadcrumbList","@id":"https:\/\/coderz.cz\/cs\/portfolio\/#breadcrumb","itemListElement":[{"@type":"ListItem","position":1,"name":"Home","item":"https:\/\/coderz.cz\/cs\/home\/"},{"@type":"ListItem","position":2,"name":"Portfolio"}]},{"@type":"WebSite","@id":"https:\/\/coderz.cz\/cs\/#website","url":"https:\/\/coderz.cz\/cs\/","name":"coderz.cz","description":"e-commerce, web marketing, professional web sites","publisher":{"@id":"https:\/\/coderz.cz\/cs\/#organization"},"potentialAction":[{"@type":"SearchAction","target":{"@type":"EntryPoint","urlTemplate":"https:\/\/coderz.cz\/cs\/?s={search_term_string}"},"query-input":"required name=search_term_string"}],"inLanguage":"cs-CZ"},{"@type":"Organization","@id":"https:\/\/coderz.cz\/cs\/#organization","name":"coderz.cz","url":"https:\/\/coderz.cz\/cs\/","logo":{"@type":"ImageObject","inLanguage":"cs-CZ","@id":"https:\/\/coderz.cz\/cs\/#\/schema\/logo\/image\/","url":"https:\/\/coderz.cz\/web-agency\/wp-content\/uploads\/2021\/04\/coderz_400.png","contentUrl":"https:\/\/coderz.cz\/web-agency\/wp-content\/uploads\/2021\/04\/coderz_400.png","width":400,"height":91,"caption":"coderz.cz"},"image":{"@id":"https:\/\/coderz.cz\/cs\/#\/schema\/logo\/image\/"},"sameAs":["https:\/\/www.facebook.com\/coderz.cz","https:\/\/www.linkedin.com\/company\/coderz-cz\/"]}]}},"_links":{"self":[{"href":"https:\/\/coderz.cz\/cs\/wp-json\/wp\/v2\/pages\/4748","targetHints":{"allow":["GET"]}}],"collection":[{"href":"https:\/\/coderz.cz\/cs\/wp-json\/wp\/v2\/pages"}],"about":[{"href":"https:\/\/coderz.cz\/cs\/wp-json\/wp\/v2\/types\/page"}],"author":[{"embeddable":true,"href":"https:\/\/coderz.cz\/cs\/wp-json\/wp\/v2\/users\/1"}],"replies":[{"embeddable":true,"href":"https:\/\/coderz.cz\/cs\/wp-json\/wp\/v2\/comments?post=4748"}],"version-history":[{"count":3,"href":"https:\/\/coderz.cz\/cs\/wp-json\/wp\/v2\/pages\/4748\/revisions"}],"predecessor-version":[{"id":5494,"href":"https:\/\/coderz.cz\/cs\/wp-json\/wp\/v2\/pages\/4748\/revisions\/5494"}],"wp:attachment":[{"href":"https:\/\/coderz.cz\/cs\/wp-json\/wp\/v2\/media?parent=4748"}],"curies":[{"name":"wp","href":"https:\/\/api.w.org\/{rel}","templated":true}]}}